{"id":78,"date":"2023-06-12T07:20:21","date_gmt":"2023-06-12T07:20:21","guid":{"rendered":"https:\/\/www.misbel.es\/tienda\/?post_type=product&#038;p=78"},"modified":"2024-05-23T10:39:17","modified_gmt":"2024-05-23T10:39:17","slug":"fortalecedor-con-proteinas-14ml","status":"publish","type":"product","link":"https:\/\/www.misbel.com\/tienda\/producto\/fortalecedor-con-proteinas-14ml\/","title":{"rendered":"Fortalecedor con prote\u00ednas 14ml"},"content":{"rendered":"<p>Formulado con pantetonato c\u00e1lcico que aporta calcio a las u\u00f1as y ayuda al fortalecimiento de su estructura junto con prote\u00ednas que restauran la estructura proteica de la u\u00f1a. Este tratamiento les devolver\u00e1 a las u\u00f1as un aspecto sano, fuerte y natural sin capa extra. Especialmente recomendado para u\u00f1as blandas.<\/p>\n","protected":false},"excerpt":{"rendered":"<p>Formulado con pantetonato c\u00e1lcico que aporta calcio a las u\u00f1as y ayuda al fortalecimiento de su estructura junto con prote\u00ednas que restauran la estructura proteica de la u\u00f1a. Este tratamiento les devolver\u00e1 a las u\u00f1as un aspecto sano, fuerte y natural sin capa extra. Especialmente recomendado para u\u00f1as blandas.<\/p>\n","protected":false},"featured_media":138,"comment_status":"open","ping_status":"closed","template":"","meta":[],"product_brand":[],"product_cat":[31,36],"product_tag":[170,126],"class_list":{"0":"post-78","1":"product","2":"type-product","3":"status-publish","4":"has-post-thumbnail","6":"product_cat-esmalte","7":"product_cat-unas","8":"product_tag-thuya","9":"product_tag-unas","11":"first","12":"instock","13":"taxable","14":"shipping-taxable","15":"purchasable","16":"product-type-simple"},"yoast_head":"<!-- This site is optimized with the Yoast SEO plugin v27.0 - https:\/\/yoast.com\/product\/yoast-seo-wordpress\/ -->\n<title>Fortalecedor con prote\u00ednas 14ml - Tienda<\/title>\n<meta name=\"robots\" content=\"index, follow, max-snippet:-1, max-image-preview:large, max-video-preview:-1\" \/>\n<link rel=\"canonical\" href=\"https:\/\/www.misbel.com\/tienda\/producto\/fortalecedor-con-proteinas-14ml\/\" \/>\n<meta property=\"og:locale\" content=\"es_ES\" \/>\n<meta property=\"og:type\" content=\"article\" \/>\n<meta property=\"og:title\" content=\"Fortalecedor con prote\u00ednas 14ml - Tienda\" \/>\n<meta property=\"og:description\" content=\"Formulado con pantetonato c\u00e1lcico que aporta calcio a las u\u00f1as y ayuda al fortalecimiento de su estructura junto con prote\u00ednas que restauran la estructura proteica de la u\u00f1a. Este tratamiento les devolver\u00e1 a las u\u00f1as un aspecto sano, fuerte y natural sin capa extra. Especialmente recomendado para u\u00f1as blandas.\" \/>\n<meta property=\"og:url\" content=\"https:\/\/www.misbel.com\/tienda\/producto\/fortalecedor-con-proteinas-14ml\/\" \/>\n<meta property=\"og:site_name\" content=\"Tienda\" \/>\n<meta property=\"article:modified_time\" content=\"2024-05-23T10:39:17+00:00\" \/>\n<meta property=\"og:image\" content=\"https:\/\/www.misbel.com\/tienda\/wp-content\/uploads\/sites\/4\/2023\/06\/productes-misbel-2.png\" \/>\n\t<meta property=\"og:image:width\" content=\"810\" \/>\n\t<meta property=\"og:image:height\" content=\"810\" \/>\n\t<meta property=\"og:image:type\" content=\"image\/png\" \/>\n<meta name=\"twitter:card\" content=\"summary_large_image\" \/>\n<meta name=\"twitter:label1\" content=\"Tiempo de lectura\" \/>\n\t<meta name=\"twitter:data1\" content=\"1 minuto\" \/>\n<script type=\"application\/ld+json\" class=\"yoast-schema-graph\">{\"@context\":\"https:\/\/schema.org\",\"@graph\":[{\"@type\":\"WebPage\",\"@id\":\"https:\/\/www.misbel.com\/tienda\/producto\/fortalecedor-con-proteinas-14ml\/\",\"url\":\"https:\/\/www.misbel.com\/tienda\/producto\/fortalecedor-con-proteinas-14ml\/\",\"name\":\"Fortalecedor con prote\u00ednas 14ml - Tienda\",\"isPartOf\":{\"@id\":\"https:\/\/www.misbel.com\/tienda\/#website\"},\"primaryImageOfPage\":{\"@id\":\"https:\/\/www.misbel.com\/tienda\/producto\/fortalecedor-con-proteinas-14ml\/#primaryimage\"},\"image\":{\"@id\":\"https:\/\/www.misbel.com\/tienda\/producto\/fortalecedor-con-proteinas-14ml\/#primaryimage\"},\"thumbnailUrl\":\"https:\/\/www.misbel.com\/tienda\/wp-content\/uploads\/sites\/4\/2023\/06\/productes-misbel-2.png\",\"datePublished\":\"2023-06-12T07:20:21+00:00\",\"dateModified\":\"2024-05-23T10:39:17+00:00\",\"breadcrumb\":{\"@id\":\"https:\/\/www.misbel.com\/tienda\/producto\/fortalecedor-con-proteinas-14ml\/#breadcrumb\"},\"inLanguage\":\"es\",\"potentialAction\":[{\"@type\":\"ReadAction\",\"target\":[\"https:\/\/www.misbel.com\/tienda\/producto\/fortalecedor-con-proteinas-14ml\/\"]}]},{\"@type\":\"ImageObject\",\"inLanguage\":\"es\",\"@id\":\"https:\/\/www.misbel.com\/tienda\/producto\/fortalecedor-con-proteinas-14ml\/#primaryimage\",\"url\":\"https:\/\/www.misbel.com\/tienda\/wp-content\/uploads\/sites\/4\/2023\/06\/productes-misbel-2.png\",\"contentUrl\":\"https:\/\/www.misbel.com\/tienda\/wp-content\/uploads\/sites\/4\/2023\/06\/productes-misbel-2.png\",\"width\":810,\"height\":810,\"caption\":\"ENDURECEDOR - Fortalecedor con prote\u00ednas 14ml\"},{\"@type\":\"BreadcrumbList\",\"@id\":\"https:\/\/www.misbel.com\/tienda\/producto\/fortalecedor-con-proteinas-14ml\/#breadcrumb\",\"itemListElement\":[{\"@type\":\"ListItem\",\"position\":1,\"name\":\"Portada\",\"item\":\"https:\/\/www.misbel.com\/tienda\/\"},{\"@type\":\"ListItem\",\"position\":2,\"name\":\"Tienda\",\"item\":\"https:\/\/www.misbel.com\/tienda\/\"},{\"@type\":\"ListItem\",\"position\":3,\"name\":\"Fortalecedor con prote\u00ednas 14ml\"}]},{\"@type\":\"WebSite\",\"@id\":\"https:\/\/www.misbel.com\/tienda\/#website\",\"url\":\"https:\/\/www.misbel.com\/tienda\/\",\"name\":\"Tienda\",\"description\":\"Tienda oficial de la est\u00e9tica Misbel Reus\",\"publisher\":{\"@id\":\"https:\/\/www.misbel.com\/tienda\/#organization\"},\"potentialAction\":[{\"@type\":\"SearchAction\",\"target\":{\"@type\":\"EntryPoint\",\"urlTemplate\":\"https:\/\/www.misbel.com\/tienda\/?s={search_term_string}\"},\"query-input\":{\"@type\":\"PropertyValueSpecification\",\"valueRequired\":true,\"valueName\":\"search_term_string\"}}],\"inLanguage\":\"es\"},{\"@type\":\"Organization\",\"@id\":\"https:\/\/www.misbel.com\/tienda\/#organization\",\"name\":\"Tienda\",\"url\":\"https:\/\/www.misbel.com\/tienda\/\",\"logo\":{\"@type\":\"ImageObject\",\"inLanguage\":\"es\",\"@id\":\"https:\/\/www.misbel.com\/tienda\/#\/schema\/logo\/image\/\",\"url\":\"https:\/\/www.misbel.com\/tienda\/wp-content\/uploads\/sites\/4\/2024\/03\/misbelpng-logo-500-1.png\",\"contentUrl\":\"https:\/\/www.misbel.com\/tienda\/wp-content\/uploads\/sites\/4\/2024\/03\/misbelpng-logo-500-1.png\",\"width\":500,\"height\":258,\"caption\":\"Tienda\"},\"image\":{\"@id\":\"https:\/\/www.misbel.com\/tienda\/#\/schema\/logo\/image\/\"}}]}<\/script>\n<!-- \/ Yoast SEO plugin. -->","yoast_head_json":{"title":"Fortalecedor con prote\u00ednas 14ml - Tienda","robots":{"index":"index","follow":"follow","max-snippet":"max-snippet:-1","max-image-preview":"max-image-preview:large","max-video-preview":"max-video-preview:-1"},"canonical":"https:\/\/www.misbel.com\/tienda\/producto\/fortalecedor-con-proteinas-14ml\/","og_locale":"es_ES","og_type":"article","og_title":"Fortalecedor con prote\u00ednas 14ml - Tienda","og_description":"Formulado con pantetonato c\u00e1lcico que aporta calcio a las u\u00f1as y ayuda al fortalecimiento de su estructura junto con prote\u00ednas que restauran la estructura proteica de la u\u00f1a. Este tratamiento les devolver\u00e1 a las u\u00f1as un aspecto sano, fuerte y natural sin capa extra. Especialmente recomendado para u\u00f1as blandas.","og_url":"https:\/\/www.misbel.com\/tienda\/producto\/fortalecedor-con-proteinas-14ml\/","og_site_name":"Tienda","article_modified_time":"2024-05-23T10:39:17+00:00","og_image":[{"width":810,"height":810,"url":"https:\/\/www.misbel.com\/tienda\/wp-content\/uploads\/sites\/4\/2023\/06\/productes-misbel-2.png","type":"image\/png"}],"twitter_card":"summary_large_image","twitter_misc":{"Tiempo de lectura":"1 minuto"},"schema":{"@context":"https:\/\/schema.org","@graph":[{"@type":"WebPage","@id":"https:\/\/www.misbel.com\/tienda\/producto\/fortalecedor-con-proteinas-14ml\/","url":"https:\/\/www.misbel.com\/tienda\/producto\/fortalecedor-con-proteinas-14ml\/","name":"Fortalecedor con prote\u00ednas 14ml - Tienda","isPartOf":{"@id":"https:\/\/www.misbel.com\/tienda\/#website"},"primaryImageOfPage":{"@id":"https:\/\/www.misbel.com\/tienda\/producto\/fortalecedor-con-proteinas-14ml\/#primaryimage"},"image":{"@id":"https:\/\/www.misbel.com\/tienda\/producto\/fortalecedor-con-proteinas-14ml\/#primaryimage"},"thumbnailUrl":"https:\/\/www.misbel.com\/tienda\/wp-content\/uploads\/sites\/4\/2023\/06\/productes-misbel-2.png","datePublished":"2023-06-12T07:20:21+00:00","dateModified":"2024-05-23T10:39:17+00:00","breadcrumb":{"@id":"https:\/\/www.misbel.com\/tienda\/producto\/fortalecedor-con-proteinas-14ml\/#breadcrumb"},"inLanguage":"es","potentialAction":[{"@type":"ReadAction","target":["https:\/\/www.misbel.com\/tienda\/producto\/fortalecedor-con-proteinas-14ml\/"]}]},{"@type":"ImageObject","inLanguage":"es","@id":"https:\/\/www.misbel.com\/tienda\/producto\/fortalecedor-con-proteinas-14ml\/#primaryimage","url":"https:\/\/www.misbel.com\/tienda\/wp-content\/uploads\/sites\/4\/2023\/06\/productes-misbel-2.png","contentUrl":"https:\/\/www.misbel.com\/tienda\/wp-content\/uploads\/sites\/4\/2023\/06\/productes-misbel-2.png","width":810,"height":810,"caption":"ENDURECEDOR - Fortalecedor con prote\u00ednas 14ml"},{"@type":"BreadcrumbList","@id":"https:\/\/www.misbel.com\/tienda\/producto\/fortalecedor-con-proteinas-14ml\/#breadcrumb","itemListElement":[{"@type":"ListItem","position":1,"name":"Portada","item":"https:\/\/www.misbel.com\/tienda\/"},{"@type":"ListItem","position":2,"name":"Tienda","item":"https:\/\/www.misbel.com\/tienda\/"},{"@type":"ListItem","position":3,"name":"Fortalecedor con prote\u00ednas 14ml"}]},{"@type":"WebSite","@id":"https:\/\/www.misbel.com\/tienda\/#website","url":"https:\/\/www.misbel.com\/tienda\/","name":"Tienda","description":"Tienda oficial de la est\u00e9tica Misbel Reus","publisher":{"@id":"https:\/\/www.misbel.com\/tienda\/#organization"},"potentialAction":[{"@type":"SearchAction","target":{"@type":"EntryPoint","urlTemplate":"https:\/\/www.misbel.com\/tienda\/?s={search_term_string}"},"query-input":{"@type":"PropertyValueSpecification","valueRequired":true,"valueName":"search_term_string"}}],"inLanguage":"es"},{"@type":"Organization","@id":"https:\/\/www.misbel.com\/tienda\/#organization","name":"Tienda","url":"https:\/\/www.misbel.com\/tienda\/","logo":{"@type":"ImageObject","inLanguage":"es","@id":"https:\/\/www.misbel.com\/tienda\/#\/schema\/logo\/image\/","url":"https:\/\/www.misbel.com\/tienda\/wp-content\/uploads\/sites\/4\/2024\/03\/misbelpng-logo-500-1.png","contentUrl":"https:\/\/www.misbel.com\/tienda\/wp-content\/uploads\/sites\/4\/2024\/03\/misbelpng-logo-500-1.png","width":500,"height":258,"caption":"Tienda"},"image":{"@id":"https:\/\/www.misbel.com\/tienda\/#\/schema\/logo\/image\/"}}]}},"_links":{"self":[{"href":"https:\/\/www.misbel.com\/tienda\/wp-json\/wp\/v2\/product\/78","targetHints":{"allow":["GET"]}}],"collection":[{"href":"https:\/\/www.misbel.com\/tienda\/wp-json\/wp\/v2\/product"}],"about":[{"href":"https:\/\/www.misbel.com\/tienda\/wp-json\/wp\/v2\/types\/product"}],"replies":[{"embeddable":true,"href":"https:\/\/www.misbel.com\/tienda\/wp-json\/wp\/v2\/comments?post=78"}],"version-history":[{"count":1,"href":"https:\/\/www.misbel.com\/tienda\/wp-json\/wp\/v2\/product\/78\/revisions"}],"predecessor-version":[{"id":85,"href":"https:\/\/www.misbel.com\/tienda\/wp-json\/wp\/v2\/product\/78\/revisions\/85"}],"wp:featuredmedia":[{"embeddable":true,"href":"https:\/\/www.misbel.com\/tienda\/wp-json\/wp\/v2\/media\/138"}],"wp:attachment":[{"href":"https:\/\/www.misbel.com\/tienda\/wp-json\/wp\/v2\/media?parent=78"}],"wp:term":[{"taxonomy":"product_brand","embeddable":true,"href":"https:\/\/www.misbel.com\/tienda\/wp-json\/wp\/v2\/product_brand?post=78"},{"taxonomy":"product_cat","embeddable":true,"href":"https:\/\/www.misbel.com\/tienda\/wp-json\/wp\/v2\/product_cat?post=78"},{"taxonomy":"product_tag","embeddable":true,"href":"https:\/\/www.misbel.com\/tienda\/wp-json\/wp\/v2\/product_tag?post=78"}],"curies":[{"name":"wp","href":"https:\/\/api.w.org\/{rel}","templated":true}]}}