{"id":50,"date":"2023-06-12T06:52:22","date_gmt":"2023-06-12T06:52:22","guid":{"rendered":"https:\/\/www.misbel.es\/tienda\/?post_type=product&#038;p=50"},"modified":"2024-06-05T14:43:00","modified_gmt":"2024-06-05T14:43:00","slug":"esmalte-deluxe-wish-blossom-no73","status":"publish","type":"product","link":"https:\/\/www.misbel.com\/tienda\/producto\/esmalte-deluxe-wish-blossom-no73\/","title":{"rendered":"Esmalte deluxe Wish Blossom N\u00ba73"},"content":{"rendered":"<p>Un rosa palo dulce y rom\u00e1ntico. Un b\u00e1sico que combina con todo y te enamorar\u00e1.<\/p>\n","protected":false},"excerpt":{"rendered":"<p>Un rosa palo dulce y rom\u00e1ntico. Un b\u00e1sico que combina con todo y te enamorar\u00e1.<\/p>\n","protected":false},"featured_media":136,"comment_status":"open","ping_status":"closed","template":"","meta":[],"product_brand":[],"product_cat":[31,36],"product_tag":[139,170],"class_list":{"0":"post-50","1":"product","2":"type-product","3":"status-publish","4":"has-post-thumbnail","6":"product_cat-esmalte","7":"product_cat-unas","8":"product_tag-esmaltes","9":"product_tag-thuya","11":"first","12":"instock","13":"taxable","14":"shipping-taxable","15":"purchasable","16":"product-type-simple"},"yoast_head":"<!-- This site is optimized with the Yoast SEO plugin v27.0 - https:\/\/yoast.com\/product\/yoast-seo-wordpress\/ -->\n<title>Esmalte deluxe Wish Blossom N\u00ba73 - Tienda<\/title>\n<meta name=\"robots\" content=\"index, follow, max-snippet:-1, max-image-preview:large, max-video-preview:-1\" \/>\n<link rel=\"canonical\" href=\"https:\/\/www.misbel.com\/tienda\/producto\/esmalte-deluxe-wish-blossom-no73\/\" \/>\n<meta property=\"og:locale\" content=\"es_ES\" \/>\n<meta property=\"og:type\" content=\"article\" \/>\n<meta property=\"og:title\" content=\"Esmalte deluxe Wish Blossom N\u00ba73 - Tienda\" \/>\n<meta property=\"og:description\" content=\"Un rosa palo dulce y rom\u00e1ntico. Un b\u00e1sico que combina con todo y te enamorar\u00e1.\" \/>\n<meta property=\"og:url\" content=\"https:\/\/www.misbel.com\/tienda\/producto\/esmalte-deluxe-wish-blossom-no73\/\" \/>\n<meta property=\"og:site_name\" content=\"Tienda\" \/>\n<meta property=\"article:modified_time\" content=\"2024-06-05T14:43:00+00:00\" \/>\n<meta property=\"og:image\" content=\"https:\/\/www.misbel.com\/tienda\/wp-content\/uploads\/sites\/4\/2023\/06\/productes-misbel-8.png\" \/>\n\t<meta property=\"og:image:width\" content=\"810\" \/>\n\t<meta property=\"og:image:height\" content=\"810\" \/>\n\t<meta property=\"og:image:type\" content=\"image\/png\" \/>\n<meta name=\"twitter:card\" content=\"summary_large_image\" \/>\n<meta name=\"twitter:label1\" content=\"Tiempo de lectura\" \/>\n\t<meta name=\"twitter:data1\" content=\"1 minuto\" \/>\n<script type=\"application\/ld+json\" class=\"yoast-schema-graph\">{\"@context\":\"https:\/\/schema.org\",\"@graph\":[{\"@type\":\"WebPage\",\"@id\":\"https:\/\/www.misbel.com\/tienda\/producto\/esmalte-deluxe-wish-blossom-no73\/\",\"url\":\"https:\/\/www.misbel.com\/tienda\/producto\/esmalte-deluxe-wish-blossom-no73\/\",\"name\":\"Esmalte deluxe Wish Blossom N\u00ba73 - Tienda\",\"isPartOf\":{\"@id\":\"https:\/\/www.misbel.com\/tienda\/#website\"},\"primaryImageOfPage\":{\"@id\":\"https:\/\/www.misbel.com\/tienda\/producto\/esmalte-deluxe-wish-blossom-no73\/#primaryimage\"},\"image\":{\"@id\":\"https:\/\/www.misbel.com\/tienda\/producto\/esmalte-deluxe-wish-blossom-no73\/#primaryimage\"},\"thumbnailUrl\":\"https:\/\/www.misbel.com\/tienda\/wp-content\/uploads\/sites\/4\/2023\/06\/productes-misbel-8.png\",\"datePublished\":\"2023-06-12T06:52:22+00:00\",\"dateModified\":\"2024-06-05T14:43:00+00:00\",\"breadcrumb\":{\"@id\":\"https:\/\/www.misbel.com\/tienda\/producto\/esmalte-deluxe-wish-blossom-no73\/#breadcrumb\"},\"inLanguage\":\"es\",\"potentialAction\":[{\"@type\":\"ReadAction\",\"target\":[\"https:\/\/www.misbel.com\/tienda\/producto\/esmalte-deluxe-wish-blossom-no73\/\"]}]},{\"@type\":\"ImageObject\",\"inLanguage\":\"es\",\"@id\":\"https:\/\/www.misbel.com\/tienda\/producto\/esmalte-deluxe-wish-blossom-no73\/#primaryimage\",\"url\":\"https:\/\/www.misbel.com\/tienda\/wp-content\/uploads\/sites\/4\/2023\/06\/productes-misbel-8.png\",\"contentUrl\":\"https:\/\/www.misbel.com\/tienda\/wp-content\/uploads\/sites\/4\/2023\/06\/productes-misbel-8.png\",\"width\":810,\"height\":810,\"caption\":\"Esmalte deluxe Wish Blossom N\u00ba73\"},{\"@type\":\"BreadcrumbList\",\"@id\":\"https:\/\/www.misbel.com\/tienda\/producto\/esmalte-deluxe-wish-blossom-no73\/#breadcrumb\",\"itemListElement\":[{\"@type\":\"ListItem\",\"position\":1,\"name\":\"Portada\",\"item\":\"https:\/\/www.misbel.com\/tienda\/\"},{\"@type\":\"ListItem\",\"position\":2,\"name\":\"Tienda\",\"item\":\"https:\/\/www.misbel.com\/tienda\/\"},{\"@type\":\"ListItem\",\"position\":3,\"name\":\"Esmalte deluxe Wish Blossom N\u00ba73\"}]},{\"@type\":\"WebSite\",\"@id\":\"https:\/\/www.misbel.com\/tienda\/#website\",\"url\":\"https:\/\/www.misbel.com\/tienda\/\",\"name\":\"Tienda\",\"description\":\"Tienda oficial de la est\u00e9tica Misbel Reus\",\"publisher\":{\"@id\":\"https:\/\/www.misbel.com\/tienda\/#organization\"},\"potentialAction\":[{\"@type\":\"SearchAction\",\"target\":{\"@type\":\"EntryPoint\",\"urlTemplate\":\"https:\/\/www.misbel.com\/tienda\/?s={search_term_string}\"},\"query-input\":{\"@type\":\"PropertyValueSpecification\",\"valueRequired\":true,\"valueName\":\"search_term_string\"}}],\"inLanguage\":\"es\"},{\"@type\":\"Organization\",\"@id\":\"https:\/\/www.misbel.com\/tienda\/#organization\",\"name\":\"Tienda\",\"url\":\"https:\/\/www.misbel.com\/tienda\/\",\"logo\":{\"@type\":\"ImageObject\",\"inLanguage\":\"es\",\"@id\":\"https:\/\/www.misbel.com\/tienda\/#\/schema\/logo\/image\/\",\"url\":\"https:\/\/www.misbel.com\/tienda\/wp-content\/uploads\/sites\/4\/2024\/03\/misbelpng-logo-500-1.png\",\"contentUrl\":\"https:\/\/www.misbel.com\/tienda\/wp-content\/uploads\/sites\/4\/2024\/03\/misbelpng-logo-500-1.png\",\"width\":500,\"height\":258,\"caption\":\"Tienda\"},\"image\":{\"@id\":\"https:\/\/www.misbel.com\/tienda\/#\/schema\/logo\/image\/\"}}]}<\/script>\n<!-- \/ Yoast SEO plugin. -->","yoast_head_json":{"title":"Esmalte deluxe Wish Blossom N\u00ba73 - Tienda","robots":{"index":"index","follow":"follow","max-snippet":"max-snippet:-1","max-image-preview":"max-image-preview:large","max-video-preview":"max-video-preview:-1"},"canonical":"https:\/\/www.misbel.com\/tienda\/producto\/esmalte-deluxe-wish-blossom-no73\/","og_locale":"es_ES","og_type":"article","og_title":"Esmalte deluxe Wish Blossom N\u00ba73 - Tienda","og_description":"Un rosa palo dulce y rom\u00e1ntico. Un b\u00e1sico que combina con todo y te enamorar\u00e1.","og_url":"https:\/\/www.misbel.com\/tienda\/producto\/esmalte-deluxe-wish-blossom-no73\/","og_site_name":"Tienda","article_modified_time":"2024-06-05T14:43:00+00:00","og_image":[{"width":810,"height":810,"url":"https:\/\/www.misbel.com\/tienda\/wp-content\/uploads\/sites\/4\/2023\/06\/productes-misbel-8.png","type":"image\/png"}],"twitter_card":"summary_large_image","twitter_misc":{"Tiempo de lectura":"1 minuto"},"schema":{"@context":"https:\/\/schema.org","@graph":[{"@type":"WebPage","@id":"https:\/\/www.misbel.com\/tienda\/producto\/esmalte-deluxe-wish-blossom-no73\/","url":"https:\/\/www.misbel.com\/tienda\/producto\/esmalte-deluxe-wish-blossom-no73\/","name":"Esmalte deluxe Wish Blossom N\u00ba73 - Tienda","isPartOf":{"@id":"https:\/\/www.misbel.com\/tienda\/#website"},"primaryImageOfPage":{"@id":"https:\/\/www.misbel.com\/tienda\/producto\/esmalte-deluxe-wish-blossom-no73\/#primaryimage"},"image":{"@id":"https:\/\/www.misbel.com\/tienda\/producto\/esmalte-deluxe-wish-blossom-no73\/#primaryimage"},"thumbnailUrl":"https:\/\/www.misbel.com\/tienda\/wp-content\/uploads\/sites\/4\/2023\/06\/productes-misbel-8.png","datePublished":"2023-06-12T06:52:22+00:00","dateModified":"2024-06-05T14:43:00+00:00","breadcrumb":{"@id":"https:\/\/www.misbel.com\/tienda\/producto\/esmalte-deluxe-wish-blossom-no73\/#breadcrumb"},"inLanguage":"es","potentialAction":[{"@type":"ReadAction","target":["https:\/\/www.misbel.com\/tienda\/producto\/esmalte-deluxe-wish-blossom-no73\/"]}]},{"@type":"ImageObject","inLanguage":"es","@id":"https:\/\/www.misbel.com\/tienda\/producto\/esmalte-deluxe-wish-blossom-no73\/#primaryimage","url":"https:\/\/www.misbel.com\/tienda\/wp-content\/uploads\/sites\/4\/2023\/06\/productes-misbel-8.png","contentUrl":"https:\/\/www.misbel.com\/tienda\/wp-content\/uploads\/sites\/4\/2023\/06\/productes-misbel-8.png","width":810,"height":810,"caption":"Esmalte deluxe Wish Blossom N\u00ba73"},{"@type":"BreadcrumbList","@id":"https:\/\/www.misbel.com\/tienda\/producto\/esmalte-deluxe-wish-blossom-no73\/#breadcrumb","itemListElement":[{"@type":"ListItem","position":1,"name":"Portada","item":"https:\/\/www.misbel.com\/tienda\/"},{"@type":"ListItem","position":2,"name":"Tienda","item":"https:\/\/www.misbel.com\/tienda\/"},{"@type":"ListItem","position":3,"name":"Esmalte deluxe Wish Blossom N\u00ba73"}]},{"@type":"WebSite","@id":"https:\/\/www.misbel.com\/tienda\/#website","url":"https:\/\/www.misbel.com\/tienda\/","name":"Tienda","description":"Tienda oficial de la est\u00e9tica Misbel Reus","publisher":{"@id":"https:\/\/www.misbel.com\/tienda\/#organization"},"potentialAction":[{"@type":"SearchAction","target":{"@type":"EntryPoint","urlTemplate":"https:\/\/www.misbel.com\/tienda\/?s={search_term_string}"},"query-input":{"@type":"PropertyValueSpecification","valueRequired":true,"valueName":"search_term_string"}}],"inLanguage":"es"},{"@type":"Organization","@id":"https:\/\/www.misbel.com\/tienda\/#organization","name":"Tienda","url":"https:\/\/www.misbel.com\/tienda\/","logo":{"@type":"ImageObject","inLanguage":"es","@id":"https:\/\/www.misbel.com\/tienda\/#\/schema\/logo\/image\/","url":"https:\/\/www.misbel.com\/tienda\/wp-content\/uploads\/sites\/4\/2024\/03\/misbelpng-logo-500-1.png","contentUrl":"https:\/\/www.misbel.com\/tienda\/wp-content\/uploads\/sites\/4\/2024\/03\/misbelpng-logo-500-1.png","width":500,"height":258,"caption":"Tienda"},"image":{"@id":"https:\/\/www.misbel.com\/tienda\/#\/schema\/logo\/image\/"}}]}},"_links":{"self":[{"href":"https:\/\/www.misbel.com\/tienda\/wp-json\/wp\/v2\/product\/50","targetHints":{"allow":["GET"]}}],"collection":[{"href":"https:\/\/www.misbel.com\/tienda\/wp-json\/wp\/v2\/product"}],"about":[{"href":"https:\/\/www.misbel.com\/tienda\/wp-json\/wp\/v2\/types\/product"}],"replies":[{"embeddable":true,"href":"https:\/\/www.misbel.com\/tienda\/wp-json\/wp\/v2\/comments?post=50"}],"version-history":[{"count":1,"href":"https:\/\/www.misbel.com\/tienda\/wp-json\/wp\/v2\/product\/50\/revisions"}],"predecessor-version":[{"id":63,"href":"https:\/\/www.misbel.com\/tienda\/wp-json\/wp\/v2\/product\/50\/revisions\/63"}],"wp:featuredmedia":[{"embeddable":true,"href":"https:\/\/www.misbel.com\/tienda\/wp-json\/wp\/v2\/media\/136"}],"wp:attachment":[{"href":"https:\/\/www.misbel.com\/tienda\/wp-json\/wp\/v2\/media?parent=50"}],"wp:term":[{"taxonomy":"product_brand","embeddable":true,"href":"https:\/\/www.misbel.com\/tienda\/wp-json\/wp\/v2\/product_brand?post=50"},{"taxonomy":"product_cat","embeddable":true,"href":"https:\/\/www.misbel.com\/tienda\/wp-json\/wp\/v2\/product_cat?post=50"},{"taxonomy":"product_tag","embeddable":true,"href":"https:\/\/www.misbel.com\/tienda\/wp-json\/wp\/v2\/product_tag?post=50"}],"curies":[{"name":"wp","href":"https:\/\/api.w.org\/{rel}","templated":true}]}}