{"id":444,"date":"2024-05-23T09:36:13","date_gmt":"2024-05-23T09:36:13","guid":{"rendered":"https:\/\/www.misbel.es\/tienda\/?post_type=product&#038;p=444"},"modified":"2024-05-24T11:36:25","modified_gmt":"2024-05-24T11:36:25","slug":"hyaluronic-hydrat","status":"publish","type":"product","link":"https:\/\/www.misbel.com\/tienda\/producto\/hyaluronic-hydrat\/","title":{"rendered":"Hyaluronic Hydrat"},"content":{"rendered":"<div class=\"intro\">\n<div class=\"desc\">\n<p>Crema hidrataci\u00f3n extrema. Activa y regula el proceso natural de hidrataci\u00f3n en la piel.<\/p>\n<\/div>\n<\/div>\n<div class=\"data\">\n<div class=\"data-item gridbox top\">\n<div class=\"gridbox-item\">\n<div class=\"pre\">TIPO DE PRODUCTO<\/div>\n<div class=\"tipoprod\">\n<div class=\"cont-item\">\n<div class=\"termname\">Crema hidratante<\/div>\n<div><\/div>\n<\/div>\n<\/div>\n<\/div>\n<div class=\"gridbox-item\">\n<div class=\"pre\">PRESENTACI\u00d3N<\/div>\n<p>Tarro de 50 ml.<\/p>\n<\/div>\n<\/div>\n<div class=\"data-item\">\n<div class=\"pre\">PRINCIPIOS ACTIVOS<\/div>\n<p>PreBiulin Fos (prebi\u00f3tico), \u00c1cido Hialur\u00f3nico, Sorbitol, Betaina, Fucogel\u00ae, Aloe Vera, Extracto de Pensamiento salvaje y Protecci\u00f3n solar.<\/p>\n<\/div>\n<div class=\"data-item\">\n<div class=\"pre\">MODO DE EMPLEO<\/div>\n<p>Aplicar sobre la piel limpia de la cara, el cuello y el escote con un suave masaje, una o dos veces al d\u00eda.<\/p>\n<\/div>\n<div class=\"data-item\">\n<div class=\"pre\">RECOMENDADO PARA:<\/div>\n<ul>\n<li>Para pieles secas deshidratadas.<\/li>\n<\/ul>\n<\/div>\n<\/div>\n","protected":false},"excerpt":{"rendered":"<div class=\"intro\">\n<div class=\"desc\">\n<p>Crema hidrataci\u00f3n extrema. Activa y regula el proceso natural de hidrataci\u00f3n en la piel.<\/p>\n<\/div>\n<\/div>\n","protected":false},"featured_media":445,"comment_status":"open","ping_status":"closed","template":"","meta":[],"product_brand":[],"product_cat":[80,37],"product_tag":[155,144,129,187,162],"class_list":{"0":"post-444","1":"product","2":"type-product","3":"status-publish","4":"has-post-thumbnail","6":"product_cat-cremas","7":"product_cat-cuidados-faciales","8":"product_tag-belnatur","9":"product_tag-crema","10":"product_tag-crema-hidratante","11":"product_tag-natural","12":"product_tag-todo-tipo-de-piel","14":"first","15":"instock","16":"taxable","17":"shipping-taxable","18":"purchasable","19":"product-type-simple"},"yoast_head":"<!-- This site is optimized with the Yoast SEO plugin v27.0 - https:\/\/yoast.com\/product\/yoast-seo-wordpress\/ -->\n<title>Hyaluronic Hydrat - Tienda<\/title>\n<meta name=\"robots\" content=\"index, follow, max-snippet:-1, max-image-preview:large, max-video-preview:-1\" \/>\n<link rel=\"canonical\" href=\"https:\/\/www.misbel.com\/tienda\/producto\/hyaluronic-hydrat\/\" \/>\n<meta property=\"og:locale\" content=\"es_ES\" \/>\n<meta property=\"og:type\" content=\"article\" \/>\n<meta property=\"og:title\" content=\"Hyaluronic Hydrat - Tienda\" \/>\n<meta property=\"og:description\" content=\"Crema hidrataci\u00f3n extrema. Activa y regula el proceso natural de hidrataci\u00f3n en la piel.\" \/>\n<meta property=\"og:url\" content=\"https:\/\/www.misbel.com\/tienda\/producto\/hyaluronic-hydrat\/\" \/>\n<meta property=\"og:site_name\" content=\"Tienda\" \/>\n<meta property=\"article:modified_time\" content=\"2024-05-24T11:36:25+00:00\" \/>\n<meta property=\"og:image\" content=\"https:\/\/www.misbel.com\/tienda\/wp-content\/uploads\/sites\/4\/2024\/05\/hyaluronic-hydrat-tarro.png\" \/>\n\t<meta property=\"og:image:width\" content=\"810\" \/>\n\t<meta property=\"og:image:height\" content=\"810\" \/>\n\t<meta property=\"og:image:type\" content=\"image\/png\" \/>\n<meta name=\"twitter:card\" content=\"summary_large_image\" \/>\n<meta name=\"twitter:label1\" content=\"Tiempo de lectura\" \/>\n\t<meta name=\"twitter:data1\" content=\"1 minuto\" \/>\n<script type=\"application\/ld+json\" class=\"yoast-schema-graph\">{\"@context\":\"https:\/\/schema.org\",\"@graph\":[{\"@type\":\"WebPage\",\"@id\":\"https:\/\/www.misbel.com\/tienda\/producto\/hyaluronic-hydrat\/\",\"url\":\"https:\/\/www.misbel.com\/tienda\/producto\/hyaluronic-hydrat\/\",\"name\":\"Hyaluronic Hydrat - Tienda\",\"isPartOf\":{\"@id\":\"https:\/\/www.misbel.com\/tienda\/#website\"},\"primaryImageOfPage\":{\"@id\":\"https:\/\/www.misbel.com\/tienda\/producto\/hyaluronic-hydrat\/#primaryimage\"},\"image\":{\"@id\":\"https:\/\/www.misbel.com\/tienda\/producto\/hyaluronic-hydrat\/#primaryimage\"},\"thumbnailUrl\":\"https:\/\/www.misbel.com\/tienda\/wp-content\/uploads\/sites\/4\/2024\/05\/hyaluronic-hydrat-tarro.png\",\"datePublished\":\"2024-05-23T09:36:13+00:00\",\"dateModified\":\"2024-05-24T11:36:25+00:00\",\"breadcrumb\":{\"@id\":\"https:\/\/www.misbel.com\/tienda\/producto\/hyaluronic-hydrat\/#breadcrumb\"},\"inLanguage\":\"es\",\"potentialAction\":[{\"@type\":\"ReadAction\",\"target\":[\"https:\/\/www.misbel.com\/tienda\/producto\/hyaluronic-hydrat\/\"]}]},{\"@type\":\"ImageObject\",\"inLanguage\":\"es\",\"@id\":\"https:\/\/www.misbel.com\/tienda\/producto\/hyaluronic-hydrat\/#primaryimage\",\"url\":\"https:\/\/www.misbel.com\/tienda\/wp-content\/uploads\/sites\/4\/2024\/05\/hyaluronic-hydrat-tarro.png\",\"contentUrl\":\"https:\/\/www.misbel.com\/tienda\/wp-content\/uploads\/sites\/4\/2024\/05\/hyaluronic-hydrat-tarro.png\",\"width\":810,\"height\":810},{\"@type\":\"BreadcrumbList\",\"@id\":\"https:\/\/www.misbel.com\/tienda\/producto\/hyaluronic-hydrat\/#breadcrumb\",\"itemListElement\":[{\"@type\":\"ListItem\",\"position\":1,\"name\":\"Portada\",\"item\":\"https:\/\/www.misbel.com\/tienda\/\"},{\"@type\":\"ListItem\",\"position\":2,\"name\":\"Tienda\",\"item\":\"https:\/\/www.misbel.com\/tienda\/\"},{\"@type\":\"ListItem\",\"position\":3,\"name\":\"Hyaluronic Hydrat\"}]},{\"@type\":\"WebSite\",\"@id\":\"https:\/\/www.misbel.com\/tienda\/#website\",\"url\":\"https:\/\/www.misbel.com\/tienda\/\",\"name\":\"Tienda\",\"description\":\"Tienda oficial de la est\u00e9tica Misbel Reus\",\"publisher\":{\"@id\":\"https:\/\/www.misbel.com\/tienda\/#organization\"},\"potentialAction\":[{\"@type\":\"SearchAction\",\"target\":{\"@type\":\"EntryPoint\",\"urlTemplate\":\"https:\/\/www.misbel.com\/tienda\/?s={search_term_string}\"},\"query-input\":{\"@type\":\"PropertyValueSpecification\",\"valueRequired\":true,\"valueName\":\"search_term_string\"}}],\"inLanguage\":\"es\"},{\"@type\":\"Organization\",\"@id\":\"https:\/\/www.misbel.com\/tienda\/#organization\",\"name\":\"Tienda\",\"url\":\"https:\/\/www.misbel.com\/tienda\/\",\"logo\":{\"@type\":\"ImageObject\",\"inLanguage\":\"es\",\"@id\":\"https:\/\/www.misbel.com\/tienda\/#\/schema\/logo\/image\/\",\"url\":\"https:\/\/www.misbel.com\/tienda\/wp-content\/uploads\/sites\/4\/2024\/03\/misbelpng-logo-500-1.png\",\"contentUrl\":\"https:\/\/www.misbel.com\/tienda\/wp-content\/uploads\/sites\/4\/2024\/03\/misbelpng-logo-500-1.png\",\"width\":500,\"height\":258,\"caption\":\"Tienda\"},\"image\":{\"@id\":\"https:\/\/www.misbel.com\/tienda\/#\/schema\/logo\/image\/\"}}]}<\/script>\n<!-- \/ Yoast SEO plugin. -->","yoast_head_json":{"title":"Hyaluronic Hydrat - Tienda","robots":{"index":"index","follow":"follow","max-snippet":"max-snippet:-1","max-image-preview":"max-image-preview:large","max-video-preview":"max-video-preview:-1"},"canonical":"https:\/\/www.misbel.com\/tienda\/producto\/hyaluronic-hydrat\/","og_locale":"es_ES","og_type":"article","og_title":"Hyaluronic Hydrat - Tienda","og_description":"Crema hidrataci\u00f3n extrema. Activa y regula el proceso natural de hidrataci\u00f3n en la piel.","og_url":"https:\/\/www.misbel.com\/tienda\/producto\/hyaluronic-hydrat\/","og_site_name":"Tienda","article_modified_time":"2024-05-24T11:36:25+00:00","og_image":[{"width":810,"height":810,"url":"https:\/\/www.misbel.com\/tienda\/wp-content\/uploads\/sites\/4\/2024\/05\/hyaluronic-hydrat-tarro.png","type":"image\/png"}],"twitter_card":"summary_large_image","twitter_misc":{"Tiempo de lectura":"1 minuto"},"schema":{"@context":"https:\/\/schema.org","@graph":[{"@type":"WebPage","@id":"https:\/\/www.misbel.com\/tienda\/producto\/hyaluronic-hydrat\/","url":"https:\/\/www.misbel.com\/tienda\/producto\/hyaluronic-hydrat\/","name":"Hyaluronic Hydrat - Tienda","isPartOf":{"@id":"https:\/\/www.misbel.com\/tienda\/#website"},"primaryImageOfPage":{"@id":"https:\/\/www.misbel.com\/tienda\/producto\/hyaluronic-hydrat\/#primaryimage"},"image":{"@id":"https:\/\/www.misbel.com\/tienda\/producto\/hyaluronic-hydrat\/#primaryimage"},"thumbnailUrl":"https:\/\/www.misbel.com\/tienda\/wp-content\/uploads\/sites\/4\/2024\/05\/hyaluronic-hydrat-tarro.png","datePublished":"2024-05-23T09:36:13+00:00","dateModified":"2024-05-24T11:36:25+00:00","breadcrumb":{"@id":"https:\/\/www.misbel.com\/tienda\/producto\/hyaluronic-hydrat\/#breadcrumb"},"inLanguage":"es","potentialAction":[{"@type":"ReadAction","target":["https:\/\/www.misbel.com\/tienda\/producto\/hyaluronic-hydrat\/"]}]},{"@type":"ImageObject","inLanguage":"es","@id":"https:\/\/www.misbel.com\/tienda\/producto\/hyaluronic-hydrat\/#primaryimage","url":"https:\/\/www.misbel.com\/tienda\/wp-content\/uploads\/sites\/4\/2024\/05\/hyaluronic-hydrat-tarro.png","contentUrl":"https:\/\/www.misbel.com\/tienda\/wp-content\/uploads\/sites\/4\/2024\/05\/hyaluronic-hydrat-tarro.png","width":810,"height":810},{"@type":"BreadcrumbList","@id":"https:\/\/www.misbel.com\/tienda\/producto\/hyaluronic-hydrat\/#breadcrumb","itemListElement":[{"@type":"ListItem","position":1,"name":"Portada","item":"https:\/\/www.misbel.com\/tienda\/"},{"@type":"ListItem","position":2,"name":"Tienda","item":"https:\/\/www.misbel.com\/tienda\/"},{"@type":"ListItem","position":3,"name":"Hyaluronic Hydrat"}]},{"@type":"WebSite","@id":"https:\/\/www.misbel.com\/tienda\/#website","url":"https:\/\/www.misbel.com\/tienda\/","name":"Tienda","description":"Tienda oficial de la est\u00e9tica Misbel Reus","publisher":{"@id":"https:\/\/www.misbel.com\/tienda\/#organization"},"potentialAction":[{"@type":"SearchAction","target":{"@type":"EntryPoint","urlTemplate":"https:\/\/www.misbel.com\/tienda\/?s={search_term_string}"},"query-input":{"@type":"PropertyValueSpecification","valueRequired":true,"valueName":"search_term_string"}}],"inLanguage":"es"},{"@type":"Organization","@id":"https:\/\/www.misbel.com\/tienda\/#organization","name":"Tienda","url":"https:\/\/www.misbel.com\/tienda\/","logo":{"@type":"ImageObject","inLanguage":"es","@id":"https:\/\/www.misbel.com\/tienda\/#\/schema\/logo\/image\/","url":"https:\/\/www.misbel.com\/tienda\/wp-content\/uploads\/sites\/4\/2024\/03\/misbelpng-logo-500-1.png","contentUrl":"https:\/\/www.misbel.com\/tienda\/wp-content\/uploads\/sites\/4\/2024\/03\/misbelpng-logo-500-1.png","width":500,"height":258,"caption":"Tienda"},"image":{"@id":"https:\/\/www.misbel.com\/tienda\/#\/schema\/logo\/image\/"}}]}},"_links":{"self":[{"href":"https:\/\/www.misbel.com\/tienda\/wp-json\/wp\/v2\/product\/444","targetHints":{"allow":["GET"]}}],"collection":[{"href":"https:\/\/www.misbel.com\/tienda\/wp-json\/wp\/v2\/product"}],"about":[{"href":"https:\/\/www.misbel.com\/tienda\/wp-json\/wp\/v2\/types\/product"}],"replies":[{"embeddable":true,"href":"https:\/\/www.misbel.com\/tienda\/wp-json\/wp\/v2\/comments?post=444"}],"version-history":[{"count":3,"href":"https:\/\/www.misbel.com\/tienda\/wp-json\/wp\/v2\/product\/444\/revisions"}],"predecessor-version":[{"id":621,"href":"https:\/\/www.misbel.com\/tienda\/wp-json\/wp\/v2\/product\/444\/revisions\/621"}],"wp:featuredmedia":[{"embeddable":true,"href":"https:\/\/www.misbel.com\/tienda\/wp-json\/wp\/v2\/media\/445"}],"wp:attachment":[{"href":"https:\/\/www.misbel.com\/tienda\/wp-json\/wp\/v2\/media?parent=444"}],"wp:term":[{"taxonomy":"product_brand","embeddable":true,"href":"https:\/\/www.misbel.com\/tienda\/wp-json\/wp\/v2\/product_brand?post=444"},{"taxonomy":"product_cat","embeddable":true,"href":"https:\/\/www.misbel.com\/tienda\/wp-json\/wp\/v2\/product_cat?post=444"},{"taxonomy":"product_tag","embeddable":true,"href":"https:\/\/www.misbel.com\/tienda\/wp-json\/wp\/v2\/product_tag?post=444"}],"curies":[{"name":"wp","href":"https:\/\/api.w.org\/{rel}","templated":true}]}}