{"id":426,"date":"2024-05-23T09:07:44","date_gmt":"2024-05-23T09:07:44","guid":{"rendered":"https:\/\/www.misbel.es\/tienda\/?post_type=product&#038;p=426"},"modified":"2024-05-24T11:17:27","modified_gmt":"2024-05-24T11:17:27","slug":"dotting-tool-s-m","status":"publish","type":"product","link":"https:\/\/www.misbel.com\/tienda\/producto\/dotting-tool-s-m\/","title":{"rendered":"Dotting Tool S-M"},"content":{"rendered":"<p>Nuevos dotting tool profesionales para decoraci\u00f3n de u\u00f1as. Perfectos para realizar todo tipo de Nail Art con esmaltes permanentes, gel paint y pinturas acr\u00edlicas.<\/p>\n<p>Dos extremos, uno con una bola m\u00e1s peque\u00f1a, y otro con una bola un poco m\u00e1s grande para conseguir la m\u00e1xima precisi\u00f3n en cada dise\u00f1o.<\/p>\n<p>Dos tama\u00f1os a escoger: S con las bolas de las puntas m\u00e1s peque\u00f1as, y M con unas bolas en las puntas de un tama\u00f1o superior.<\/p>\n","protected":false},"excerpt":{"rendered":"<p>Nuevos dotting tool profesionales para decoraci\u00f3n de u\u00f1as. Perfectos para realizar todo tipo de Nail Art con esmaltes permanentes, gel paint y pinturas acr\u00edlicas.<\/p>\n","protected":false},"featured_media":427,"comment_status":"open","ping_status":"closed","template":"","meta":[],"product_brand":[],"product_cat":[41,83],"product_tag":[139,131,178,170,126],"class_list":{"0":"post-426","1":"product","2":"type-product","3":"status-publish","4":"has-post-thumbnail","6":"product_cat-maquillaje","7":"product_cat-utensilios-pinceles","8":"product_tag-esmaltes","9":"product_tag-limpiadores","10":"product_tag-nail-art","11":"product_tag-thuya","12":"product_tag-unas","14":"first","15":"instock","16":"taxable","17":"shipping-taxable","18":"purchasable","19":"product-type-variable"},"yoast_head":"<!-- This site is optimized with the Yoast SEO plugin v27.0 - https:\/\/yoast.com\/product\/yoast-seo-wordpress\/ -->\n<title>Dotting Tool S-M - Tienda<\/title>\n<meta name=\"robots\" content=\"index, follow, max-snippet:-1, max-image-preview:large, max-video-preview:-1\" \/>\n<link rel=\"canonical\" href=\"https:\/\/www.misbel.com\/tienda\/producto\/dotting-tool-s-m\/\" \/>\n<meta property=\"og:locale\" content=\"es_ES\" \/>\n<meta property=\"og:type\" content=\"article\" \/>\n<meta property=\"og:title\" content=\"Dotting Tool S-M - Tienda\" \/>\n<meta property=\"og:description\" content=\"Nuevos dotting tool profesionales para decoraci\u00f3n de u\u00f1as. Perfectos para realizar todo tipo de Nail Art con esmaltes permanentes, gel paint y pinturas acr\u00edlicas.\" \/>\n<meta property=\"og:url\" content=\"https:\/\/www.misbel.com\/tienda\/producto\/dotting-tool-s-m\/\" \/>\n<meta property=\"og:site_name\" content=\"Tienda\" \/>\n<meta property=\"article:modified_time\" content=\"2024-05-24T11:17:27+00:00\" \/>\n<meta property=\"og:image\" content=\"https:\/\/www.misbel.com\/tienda\/wp-content\/uploads\/sites\/4\/2024\/05\/dotting-tool-s-m.jpeg\" \/>\n\t<meta property=\"og:image:width\" content=\"900\" \/>\n\t<meta property=\"og:image:height\" content=\"900\" \/>\n\t<meta property=\"og:image:type\" content=\"image\/jpeg\" \/>\n<meta name=\"twitter:card\" content=\"summary_large_image\" \/>\n<meta name=\"twitter:label1\" content=\"Tiempo de lectura\" \/>\n\t<meta name=\"twitter:data1\" content=\"1 minuto\" \/>\n<script type=\"application\/ld+json\" class=\"yoast-schema-graph\">{\"@context\":\"https:\/\/schema.org\",\"@graph\":[{\"@type\":\"WebPage\",\"@id\":\"https:\/\/www.misbel.com\/tienda\/producto\/dotting-tool-s-m\/\",\"url\":\"https:\/\/www.misbel.com\/tienda\/producto\/dotting-tool-s-m\/\",\"name\":\"Dotting Tool S-M - Tienda\",\"isPartOf\":{\"@id\":\"https:\/\/www.misbel.com\/tienda\/#website\"},\"primaryImageOfPage\":{\"@id\":\"https:\/\/www.misbel.com\/tienda\/producto\/dotting-tool-s-m\/#primaryimage\"},\"image\":{\"@id\":\"https:\/\/www.misbel.com\/tienda\/producto\/dotting-tool-s-m\/#primaryimage\"},\"thumbnailUrl\":\"https:\/\/www.misbel.com\/tienda\/wp-content\/uploads\/sites\/4\/2024\/05\/dotting-tool-s-m.jpeg\",\"datePublished\":\"2024-05-23T09:07:44+00:00\",\"dateModified\":\"2024-05-24T11:17:27+00:00\",\"breadcrumb\":{\"@id\":\"https:\/\/www.misbel.com\/tienda\/producto\/dotting-tool-s-m\/#breadcrumb\"},\"inLanguage\":\"es\",\"potentialAction\":[{\"@type\":\"ReadAction\",\"target\":[\"https:\/\/www.misbel.com\/tienda\/producto\/dotting-tool-s-m\/\"]}]},{\"@type\":\"ImageObject\",\"inLanguage\":\"es\",\"@id\":\"https:\/\/www.misbel.com\/tienda\/producto\/dotting-tool-s-m\/#primaryimage\",\"url\":\"https:\/\/www.misbel.com\/tienda\/wp-content\/uploads\/sites\/4\/2024\/05\/dotting-tool-s-m.jpeg\",\"contentUrl\":\"https:\/\/www.misbel.com\/tienda\/wp-content\/uploads\/sites\/4\/2024\/05\/dotting-tool-s-m.jpeg\",\"width\":900,\"height\":900},{\"@type\":\"BreadcrumbList\",\"@id\":\"https:\/\/www.misbel.com\/tienda\/producto\/dotting-tool-s-m\/#breadcrumb\",\"itemListElement\":[{\"@type\":\"ListItem\",\"position\":1,\"name\":\"Portada\",\"item\":\"https:\/\/www.misbel.com\/tienda\/\"},{\"@type\":\"ListItem\",\"position\":2,\"name\":\"Tienda\",\"item\":\"https:\/\/www.misbel.com\/tienda\/\"},{\"@type\":\"ListItem\",\"position\":3,\"name\":\"Dotting Tool S-M\"}]},{\"@type\":\"WebSite\",\"@id\":\"https:\/\/www.misbel.com\/tienda\/#website\",\"url\":\"https:\/\/www.misbel.com\/tienda\/\",\"name\":\"Tienda\",\"description\":\"Tienda oficial de la est\u00e9tica Misbel Reus\",\"publisher\":{\"@id\":\"https:\/\/www.misbel.com\/tienda\/#organization\"},\"potentialAction\":[{\"@type\":\"SearchAction\",\"target\":{\"@type\":\"EntryPoint\",\"urlTemplate\":\"https:\/\/www.misbel.com\/tienda\/?s={search_term_string}\"},\"query-input\":{\"@type\":\"PropertyValueSpecification\",\"valueRequired\":true,\"valueName\":\"search_term_string\"}}],\"inLanguage\":\"es\"},{\"@type\":\"Organization\",\"@id\":\"https:\/\/www.misbel.com\/tienda\/#organization\",\"name\":\"Tienda\",\"url\":\"https:\/\/www.misbel.com\/tienda\/\",\"logo\":{\"@type\":\"ImageObject\",\"inLanguage\":\"es\",\"@id\":\"https:\/\/www.misbel.com\/tienda\/#\/schema\/logo\/image\/\",\"url\":\"https:\/\/www.misbel.com\/tienda\/wp-content\/uploads\/sites\/4\/2024\/03\/misbelpng-logo-500-1.png\",\"contentUrl\":\"https:\/\/www.misbel.com\/tienda\/wp-content\/uploads\/sites\/4\/2024\/03\/misbelpng-logo-500-1.png\",\"width\":500,\"height\":258,\"caption\":\"Tienda\"},\"image\":{\"@id\":\"https:\/\/www.misbel.com\/tienda\/#\/schema\/logo\/image\/\"}}]}<\/script>\n<!-- \/ Yoast SEO plugin. -->","yoast_head_json":{"title":"Dotting Tool S-M - Tienda","robots":{"index":"index","follow":"follow","max-snippet":"max-snippet:-1","max-image-preview":"max-image-preview:large","max-video-preview":"max-video-preview:-1"},"canonical":"https:\/\/www.misbel.com\/tienda\/producto\/dotting-tool-s-m\/","og_locale":"es_ES","og_type":"article","og_title":"Dotting Tool S-M - Tienda","og_description":"Nuevos dotting tool profesionales para decoraci\u00f3n de u\u00f1as. Perfectos para realizar todo tipo de Nail Art con esmaltes permanentes, gel paint y pinturas acr\u00edlicas.","og_url":"https:\/\/www.misbel.com\/tienda\/producto\/dotting-tool-s-m\/","og_site_name":"Tienda","article_modified_time":"2024-05-24T11:17:27+00:00","og_image":[{"width":900,"height":900,"url":"https:\/\/www.misbel.com\/tienda\/wp-content\/uploads\/sites\/4\/2024\/05\/dotting-tool-s-m.jpeg","type":"image\/jpeg"}],"twitter_card":"summary_large_image","twitter_misc":{"Tiempo de lectura":"1 minuto"},"schema":{"@context":"https:\/\/schema.org","@graph":[{"@type":"WebPage","@id":"https:\/\/www.misbel.com\/tienda\/producto\/dotting-tool-s-m\/","url":"https:\/\/www.misbel.com\/tienda\/producto\/dotting-tool-s-m\/","name":"Dotting Tool S-M - Tienda","isPartOf":{"@id":"https:\/\/www.misbel.com\/tienda\/#website"},"primaryImageOfPage":{"@id":"https:\/\/www.misbel.com\/tienda\/producto\/dotting-tool-s-m\/#primaryimage"},"image":{"@id":"https:\/\/www.misbel.com\/tienda\/producto\/dotting-tool-s-m\/#primaryimage"},"thumbnailUrl":"https:\/\/www.misbel.com\/tienda\/wp-content\/uploads\/sites\/4\/2024\/05\/dotting-tool-s-m.jpeg","datePublished":"2024-05-23T09:07:44+00:00","dateModified":"2024-05-24T11:17:27+00:00","breadcrumb":{"@id":"https:\/\/www.misbel.com\/tienda\/producto\/dotting-tool-s-m\/#breadcrumb"},"inLanguage":"es","potentialAction":[{"@type":"ReadAction","target":["https:\/\/www.misbel.com\/tienda\/producto\/dotting-tool-s-m\/"]}]},{"@type":"ImageObject","inLanguage":"es","@id":"https:\/\/www.misbel.com\/tienda\/producto\/dotting-tool-s-m\/#primaryimage","url":"https:\/\/www.misbel.com\/tienda\/wp-content\/uploads\/sites\/4\/2024\/05\/dotting-tool-s-m.jpeg","contentUrl":"https:\/\/www.misbel.com\/tienda\/wp-content\/uploads\/sites\/4\/2024\/05\/dotting-tool-s-m.jpeg","width":900,"height":900},{"@type":"BreadcrumbList","@id":"https:\/\/www.misbel.com\/tienda\/producto\/dotting-tool-s-m\/#breadcrumb","itemListElement":[{"@type":"ListItem","position":1,"name":"Portada","item":"https:\/\/www.misbel.com\/tienda\/"},{"@type":"ListItem","position":2,"name":"Tienda","item":"https:\/\/www.misbel.com\/tienda\/"},{"@type":"ListItem","position":3,"name":"Dotting Tool S-M"}]},{"@type":"WebSite","@id":"https:\/\/www.misbel.com\/tienda\/#website","url":"https:\/\/www.misbel.com\/tienda\/","name":"Tienda","description":"Tienda oficial de la est\u00e9tica Misbel Reus","publisher":{"@id":"https:\/\/www.misbel.com\/tienda\/#organization"},"potentialAction":[{"@type":"SearchAction","target":{"@type":"EntryPoint","urlTemplate":"https:\/\/www.misbel.com\/tienda\/?s={search_term_string}"},"query-input":{"@type":"PropertyValueSpecification","valueRequired":true,"valueName":"search_term_string"}}],"inLanguage":"es"},{"@type":"Organization","@id":"https:\/\/www.misbel.com\/tienda\/#organization","name":"Tienda","url":"https:\/\/www.misbel.com\/tienda\/","logo":{"@type":"ImageObject","inLanguage":"es","@id":"https:\/\/www.misbel.com\/tienda\/#\/schema\/logo\/image\/","url":"https:\/\/www.misbel.com\/tienda\/wp-content\/uploads\/sites\/4\/2024\/03\/misbelpng-logo-500-1.png","contentUrl":"https:\/\/www.misbel.com\/tienda\/wp-content\/uploads\/sites\/4\/2024\/03\/misbelpng-logo-500-1.png","width":500,"height":258,"caption":"Tienda"},"image":{"@id":"https:\/\/www.misbel.com\/tienda\/#\/schema\/logo\/image\/"}}]}},"_links":{"self":[{"href":"https:\/\/www.misbel.com\/tienda\/wp-json\/wp\/v2\/product\/426","targetHints":{"allow":["GET"]}}],"collection":[{"href":"https:\/\/www.misbel.com\/tienda\/wp-json\/wp\/v2\/product"}],"about":[{"href":"https:\/\/www.misbel.com\/tienda\/wp-json\/wp\/v2\/types\/product"}],"replies":[{"embeddable":true,"href":"https:\/\/www.misbel.com\/tienda\/wp-json\/wp\/v2\/comments?post=426"}],"version-history":[{"count":4,"href":"https:\/\/www.misbel.com\/tienda\/wp-json\/wp\/v2\/product\/426\/revisions"}],"predecessor-version":[{"id":613,"href":"https:\/\/www.misbel.com\/tienda\/wp-json\/wp\/v2\/product\/426\/revisions\/613"}],"wp:featuredmedia":[{"embeddable":true,"href":"https:\/\/www.misbel.com\/tienda\/wp-json\/wp\/v2\/media\/427"}],"wp:attachment":[{"href":"https:\/\/www.misbel.com\/tienda\/wp-json\/wp\/v2\/media?parent=426"}],"wp:term":[{"taxonomy":"product_brand","embeddable":true,"href":"https:\/\/www.misbel.com\/tienda\/wp-json\/wp\/v2\/product_brand?post=426"},{"taxonomy":"product_cat","embeddable":true,"href":"https:\/\/www.misbel.com\/tienda\/wp-json\/wp\/v2\/product_cat?post=426"},{"taxonomy":"product_tag","embeddable":true,"href":"https:\/\/www.misbel.com\/tienda\/wp-json\/wp\/v2\/product_tag?post=426"}],"curies":[{"name":"wp","href":"https:\/\/api.w.org\/{rel}","templated":true}]}}