{"id":40,"date":"2023-06-12T06:37:41","date_gmt":"2023-06-12T06:37:41","guid":{"rendered":"https:\/\/www.misbel.es\/tienda\/?post_type=product&#038;p=40"},"modified":"2024-05-23T10:34:13","modified_gmt":"2024-05-23T10:34:13","slug":"perfect-body-lipofirm-cream","status":"publish","type":"product","link":"https:\/\/www.misbel.com\/tienda\/producto\/perfect-body-lipofirm-cream\/","title":{"rendered":"Perfect Body Lipofirm Cream"},"content":{"rendered":"<p>Crema fusi\u00f3n de mantenimiento para los inestet\u00edsmos cut\u00e1neos de la celulitis, reductora\/reafirmante.<\/p>\n<p>TIPO DE PRODUCTO<br \/>\nCremas reafirmantes<br \/>\nCremas reductoras<br \/>\nHidratantes-nutritivas<\/p>\n<p>PRESENTACI\u00d3N<br \/>\nTubo de 200 ml<\/p>\n<p>PRINCIPIOS ACTIVOS<br \/>\nAdiporeguline\u2122 (Forskohlin, Geniste\u00edna y Cafe\u00edna Vectorizada de Alto Rendimiento), Sarcocapnos Crassifolia, Ginkgo Biloba y Centella Asi\u00e1tica.<\/p>\n<p>MODO DE EMPLEO<br \/>\nAplicar efectuando un masaje hasta su absorci\u00f3n.<\/p>\n<p>RECOMENDADO PARA:<br \/>\nEst\u00e1 indicado para todo tipo de tratamientos reductores y reafirmantes.<\/p>\n","protected":false},"excerpt":{"rendered":"<p>Crema fusi\u00f3n de mantenimiento para los inestet\u00edsmos cut\u00e1neos de la celulitis, reductora\/reafirmante.<\/p>\n","protected":false},"featured_media":41,"comment_status":"open","ping_status":"closed","template":"","meta":[],"product_brand":[],"product_cat":[28,38],"product_tag":[155,135,136,137],"class_list":{"0":"post-40","1":"product","2":"type-product","3":"status-publish","4":"has-post-thumbnail","6":"product_cat-cremas-reductoras","7":"product_cat-cuidados-corporales","8":"product_tag-belnatur","9":"product_tag-cremas-reafirmantes","10":"product_tag-cremas-reductoras","11":"product_tag-hidratantes-nutritivas","13":"first","14":"instock","15":"taxable","16":"shipping-taxable","17":"purchasable","18":"product-type-simple"},"yoast_head":"<!-- This site is optimized with the Yoast SEO plugin v27.0 - https:\/\/yoast.com\/product\/yoast-seo-wordpress\/ -->\n<title>Perfect Body Lipofirm Cream - Tienda<\/title>\n<meta name=\"robots\" content=\"index, follow, max-snippet:-1, max-image-preview:large, max-video-preview:-1\" \/>\n<link rel=\"canonical\" href=\"https:\/\/www.misbel.com\/tienda\/producto\/perfect-body-lipofirm-cream\/\" \/>\n<meta property=\"og:locale\" content=\"es_ES\" \/>\n<meta property=\"og:type\" content=\"article\" \/>\n<meta property=\"og:title\" content=\"Perfect Body Lipofirm Cream - Tienda\" \/>\n<meta property=\"og:description\" content=\"Crema fusi\u00f3n de mantenimiento para los inestet\u00edsmos cut\u00e1neos de la celulitis, reductora\/reafirmante.\" \/>\n<meta property=\"og:url\" content=\"https:\/\/www.misbel.com\/tienda\/producto\/perfect-body-lipofirm-cream\/\" \/>\n<meta property=\"og:site_name\" content=\"Tienda\" \/>\n<meta property=\"article:modified_time\" content=\"2024-05-23T10:34:13+00:00\" \/>\n<meta property=\"og:image\" content=\"https:\/\/www.misbel.com\/tienda\/wp-content\/uploads\/sites\/4\/2023\/06\/902V8110-1.png\" \/>\n\t<meta property=\"og:image:width\" content=\"810\" \/>\n\t<meta property=\"og:image:height\" content=\"810\" \/>\n\t<meta property=\"og:image:type\" content=\"image\/png\" \/>\n<meta name=\"twitter:card\" content=\"summary_large_image\" \/>\n<meta name=\"twitter:label1\" content=\"Tiempo de lectura\" \/>\n\t<meta name=\"twitter:data1\" content=\"1 minuto\" \/>\n<script type=\"application\/ld+json\" class=\"yoast-schema-graph\">{\"@context\":\"https:\/\/schema.org\",\"@graph\":[{\"@type\":\"WebPage\",\"@id\":\"https:\/\/www.misbel.com\/tienda\/producto\/perfect-body-lipofirm-cream\/\",\"url\":\"https:\/\/www.misbel.com\/tienda\/producto\/perfect-body-lipofirm-cream\/\",\"name\":\"Perfect Body Lipofirm Cream - Tienda\",\"isPartOf\":{\"@id\":\"https:\/\/www.misbel.com\/tienda\/#website\"},\"primaryImageOfPage\":{\"@id\":\"https:\/\/www.misbel.com\/tienda\/producto\/perfect-body-lipofirm-cream\/#primaryimage\"},\"image\":{\"@id\":\"https:\/\/www.misbel.com\/tienda\/producto\/perfect-body-lipofirm-cream\/#primaryimage\"},\"thumbnailUrl\":\"https:\/\/www.misbel.com\/tienda\/wp-content\/uploads\/sites\/4\/2023\/06\/902V8110-1.png\",\"datePublished\":\"2023-06-12T06:37:41+00:00\",\"dateModified\":\"2024-05-23T10:34:13+00:00\",\"breadcrumb\":{\"@id\":\"https:\/\/www.misbel.com\/tienda\/producto\/perfect-body-lipofirm-cream\/#breadcrumb\"},\"inLanguage\":\"es\",\"potentialAction\":[{\"@type\":\"ReadAction\",\"target\":[\"https:\/\/www.misbel.com\/tienda\/producto\/perfect-body-lipofirm-cream\/\"]}]},{\"@type\":\"ImageObject\",\"inLanguage\":\"es\",\"@id\":\"https:\/\/www.misbel.com\/tienda\/producto\/perfect-body-lipofirm-cream\/#primaryimage\",\"url\":\"https:\/\/www.misbel.com\/tienda\/wp-content\/uploads\/sites\/4\/2023\/06\/902V8110-1.png\",\"contentUrl\":\"https:\/\/www.misbel.com\/tienda\/wp-content\/uploads\/sites\/4\/2023\/06\/902V8110-1.png\",\"width\":810,\"height\":810,\"caption\":\"Perfect Body Lipofirm Cream\"},{\"@type\":\"BreadcrumbList\",\"@id\":\"https:\/\/www.misbel.com\/tienda\/producto\/perfect-body-lipofirm-cream\/#breadcrumb\",\"itemListElement\":[{\"@type\":\"ListItem\",\"position\":1,\"name\":\"Portada\",\"item\":\"https:\/\/www.misbel.com\/tienda\/\"},{\"@type\":\"ListItem\",\"position\":2,\"name\":\"Tienda\",\"item\":\"https:\/\/www.misbel.com\/tienda\/\"},{\"@type\":\"ListItem\",\"position\":3,\"name\":\"Perfect Body Lipofirm Cream\"}]},{\"@type\":\"WebSite\",\"@id\":\"https:\/\/www.misbel.com\/tienda\/#website\",\"url\":\"https:\/\/www.misbel.com\/tienda\/\",\"name\":\"Tienda\",\"description\":\"Tienda oficial de la est\u00e9tica Misbel Reus\",\"publisher\":{\"@id\":\"https:\/\/www.misbel.com\/tienda\/#organization\"},\"potentialAction\":[{\"@type\":\"SearchAction\",\"target\":{\"@type\":\"EntryPoint\",\"urlTemplate\":\"https:\/\/www.misbel.com\/tienda\/?s={search_term_string}\"},\"query-input\":{\"@type\":\"PropertyValueSpecification\",\"valueRequired\":true,\"valueName\":\"search_term_string\"}}],\"inLanguage\":\"es\"},{\"@type\":\"Organization\",\"@id\":\"https:\/\/www.misbel.com\/tienda\/#organization\",\"name\":\"Tienda\",\"url\":\"https:\/\/www.misbel.com\/tienda\/\",\"logo\":{\"@type\":\"ImageObject\",\"inLanguage\":\"es\",\"@id\":\"https:\/\/www.misbel.com\/tienda\/#\/schema\/logo\/image\/\",\"url\":\"https:\/\/www.misbel.com\/tienda\/wp-content\/uploads\/sites\/4\/2024\/03\/misbelpng-logo-500-1.png\",\"contentUrl\":\"https:\/\/www.misbel.com\/tienda\/wp-content\/uploads\/sites\/4\/2024\/03\/misbelpng-logo-500-1.png\",\"width\":500,\"height\":258,\"caption\":\"Tienda\"},\"image\":{\"@id\":\"https:\/\/www.misbel.com\/tienda\/#\/schema\/logo\/image\/\"}}]}<\/script>\n<!-- \/ Yoast SEO plugin. -->","yoast_head_json":{"title":"Perfect Body Lipofirm Cream - Tienda","robots":{"index":"index","follow":"follow","max-snippet":"max-snippet:-1","max-image-preview":"max-image-preview:large","max-video-preview":"max-video-preview:-1"},"canonical":"https:\/\/www.misbel.com\/tienda\/producto\/perfect-body-lipofirm-cream\/","og_locale":"es_ES","og_type":"article","og_title":"Perfect Body Lipofirm Cream - Tienda","og_description":"Crema fusi\u00f3n de mantenimiento para los inestet\u00edsmos cut\u00e1neos de la celulitis, reductora\/reafirmante.","og_url":"https:\/\/www.misbel.com\/tienda\/producto\/perfect-body-lipofirm-cream\/","og_site_name":"Tienda","article_modified_time":"2024-05-23T10:34:13+00:00","og_image":[{"width":810,"height":810,"url":"https:\/\/www.misbel.com\/tienda\/wp-content\/uploads\/sites\/4\/2023\/06\/902V8110-1.png","type":"image\/png"}],"twitter_card":"summary_large_image","twitter_misc":{"Tiempo de lectura":"1 minuto"},"schema":{"@context":"https:\/\/schema.org","@graph":[{"@type":"WebPage","@id":"https:\/\/www.misbel.com\/tienda\/producto\/perfect-body-lipofirm-cream\/","url":"https:\/\/www.misbel.com\/tienda\/producto\/perfect-body-lipofirm-cream\/","name":"Perfect Body Lipofirm Cream - Tienda","isPartOf":{"@id":"https:\/\/www.misbel.com\/tienda\/#website"},"primaryImageOfPage":{"@id":"https:\/\/www.misbel.com\/tienda\/producto\/perfect-body-lipofirm-cream\/#primaryimage"},"image":{"@id":"https:\/\/www.misbel.com\/tienda\/producto\/perfect-body-lipofirm-cream\/#primaryimage"},"thumbnailUrl":"https:\/\/www.misbel.com\/tienda\/wp-content\/uploads\/sites\/4\/2023\/06\/902V8110-1.png","datePublished":"2023-06-12T06:37:41+00:00","dateModified":"2024-05-23T10:34:13+00:00","breadcrumb":{"@id":"https:\/\/www.misbel.com\/tienda\/producto\/perfect-body-lipofirm-cream\/#breadcrumb"},"inLanguage":"es","potentialAction":[{"@type":"ReadAction","target":["https:\/\/www.misbel.com\/tienda\/producto\/perfect-body-lipofirm-cream\/"]}]},{"@type":"ImageObject","inLanguage":"es","@id":"https:\/\/www.misbel.com\/tienda\/producto\/perfect-body-lipofirm-cream\/#primaryimage","url":"https:\/\/www.misbel.com\/tienda\/wp-content\/uploads\/sites\/4\/2023\/06\/902V8110-1.png","contentUrl":"https:\/\/www.misbel.com\/tienda\/wp-content\/uploads\/sites\/4\/2023\/06\/902V8110-1.png","width":810,"height":810,"caption":"Perfect Body Lipofirm Cream"},{"@type":"BreadcrumbList","@id":"https:\/\/www.misbel.com\/tienda\/producto\/perfect-body-lipofirm-cream\/#breadcrumb","itemListElement":[{"@type":"ListItem","position":1,"name":"Portada","item":"https:\/\/www.misbel.com\/tienda\/"},{"@type":"ListItem","position":2,"name":"Tienda","item":"https:\/\/www.misbel.com\/tienda\/"},{"@type":"ListItem","position":3,"name":"Perfect Body Lipofirm Cream"}]},{"@type":"WebSite","@id":"https:\/\/www.misbel.com\/tienda\/#website","url":"https:\/\/www.misbel.com\/tienda\/","name":"Tienda","description":"Tienda oficial de la est\u00e9tica Misbel Reus","publisher":{"@id":"https:\/\/www.misbel.com\/tienda\/#organization"},"potentialAction":[{"@type":"SearchAction","target":{"@type":"EntryPoint","urlTemplate":"https:\/\/www.misbel.com\/tienda\/?s={search_term_string}"},"query-input":{"@type":"PropertyValueSpecification","valueRequired":true,"valueName":"search_term_string"}}],"inLanguage":"es"},{"@type":"Organization","@id":"https:\/\/www.misbel.com\/tienda\/#organization","name":"Tienda","url":"https:\/\/www.misbel.com\/tienda\/","logo":{"@type":"ImageObject","inLanguage":"es","@id":"https:\/\/www.misbel.com\/tienda\/#\/schema\/logo\/image\/","url":"https:\/\/www.misbel.com\/tienda\/wp-content\/uploads\/sites\/4\/2024\/03\/misbelpng-logo-500-1.png","contentUrl":"https:\/\/www.misbel.com\/tienda\/wp-content\/uploads\/sites\/4\/2024\/03\/misbelpng-logo-500-1.png","width":500,"height":258,"caption":"Tienda"},"image":{"@id":"https:\/\/www.misbel.com\/tienda\/#\/schema\/logo\/image\/"}}]}},"_links":{"self":[{"href":"https:\/\/www.misbel.com\/tienda\/wp-json\/wp\/v2\/product\/40","targetHints":{"allow":["GET"]}}],"collection":[{"href":"https:\/\/www.misbel.com\/tienda\/wp-json\/wp\/v2\/product"}],"about":[{"href":"https:\/\/www.misbel.com\/tienda\/wp-json\/wp\/v2\/types\/product"}],"replies":[{"embeddable":true,"href":"https:\/\/www.misbel.com\/tienda\/wp-json\/wp\/v2\/comments?post=40"}],"version-history":[{"count":1,"href":"https:\/\/www.misbel.com\/tienda\/wp-json\/wp\/v2\/product\/40\/revisions"}],"predecessor-version":[{"id":42,"href":"https:\/\/www.misbel.com\/tienda\/wp-json\/wp\/v2\/product\/40\/revisions\/42"}],"wp:featuredmedia":[{"embeddable":true,"href":"https:\/\/www.misbel.com\/tienda\/wp-json\/wp\/v2\/media\/41"}],"wp:attachment":[{"href":"https:\/\/www.misbel.com\/tienda\/wp-json\/wp\/v2\/media?parent=40"}],"wp:term":[{"taxonomy":"product_brand","embeddable":true,"href":"https:\/\/www.misbel.com\/tienda\/wp-json\/wp\/v2\/product_brand?post=40"},{"taxonomy":"product_cat","embeddable":true,"href":"https:\/\/www.misbel.com\/tienda\/wp-json\/wp\/v2\/product_cat?post=40"},{"taxonomy":"product_tag","embeddable":true,"href":"https:\/\/www.misbel.com\/tienda\/wp-json\/wp\/v2\/product_tag?post=40"}],"curies":[{"name":"wp","href":"https:\/\/api.w.org\/{rel}","templated":true}]}}