{"id":23,"date":"2023-06-12T06:16:42","date_gmt":"2023-06-12T06:16:42","guid":{"rendered":"https:\/\/www.misbel.es\/tienda\/?post_type=product&#038;p=23"},"modified":"2024-05-23T10:21:38","modified_gmt":"2024-05-23T10:21:38","slug":"pur-skin-cleanser","status":"publish","type":"product","link":"https:\/\/www.misbel.com\/tienda\/producto\/pur-skin-cleanser\/","title":{"rendered":"Pur-skin Cleanser"},"content":{"rendered":"<p>Gel para la limpieza en profundidad de las pieles grasas y\/o con tendencia a desarrollar acn\u00e9.<\/p>\n<p>TIPO DE PRODUCTO<br \/>\nLimpiadores<\/p>\n<p>PRESENTACI\u00d3N<\/p>\n<p>Tubo de 200 ml<\/p>\n<p>PRINCIPIOS ACTIVOS<\/p>\n<p>Limpiadores suaves, no agresivos, \u00c1cido salic\u00edlico que elimina c\u00e9lulas muertas e impurezas y limpia los poros, junto con Acnacidol\u00ae y extractos de Magnolia, Pomelo y T\u00e9 verde que ayudan a prevenir el exceso de sebo y la aparici\u00f3n de impurezas, dejando la piel fresca y suave.<\/p>\n<p>MODO DE EMPLEO<\/p>\n<p>Aplicar el producto sobre la piel seca efectuando movimientos circulares con la punta de los dedos, durante unos segundos, e insistiendo en las zonas m\u00e1s problem\u00e1ticas. Humedecer las manos y continuar trabajando el producto un rato m\u00e1s hasta la aparici\u00f3n de espuma. Aclarar con agua abundante.<\/p>\n<p>RECOMENDADO PARA:<br \/>\nPara pieles grasas y\/o acn\u00e9icas.<\/p>\n","protected":false},"excerpt":{"rendered":"<p><span data-sheets-value=\"{&quot;1&quot;:2,&quot;2&quot;:&quot;Gel para la limpieza en profundidad de las pieles grasas y\/o con tendencia a desarrollar acn\u00e9. &quot;}\" data-sheets-userformat=\"{&quot;2&quot;:13057,&quot;3&quot;:{&quot;1&quot;:0},&quot;11&quot;:3,&quot;12&quot;:0,&quot;15&quot;:&quot;Arial&quot;,&quot;16&quot;:10}\">Gel para la limpieza en profundidad de las pieles grasas y\/o con tendencia a desarrollar acn\u00e9.<\/span><\/p>\n","protected":false},"featured_media":24,"comment_status":"open","ping_status":"closed","template":"","meta":[],"product_brand":[],"product_cat":[37,69],"product_tag":[166,155,131,191],"class_list":{"0":"post-23","1":"product","2":"type-product","3":"status-publish","4":"has-post-thumbnail","6":"product_cat-cuidados-faciales","7":"product_cat-desmaquillantes-limpiadores","8":"product_tag-acne","9":"product_tag-belnatur","10":"product_tag-limpiadores","11":"product_tag-pieles-grasas","13":"first","14":"instock","15":"taxable","16":"shipping-taxable","17":"purchasable","18":"product-type-simple"},"yoast_head":"<!-- This site is optimized with the Yoast SEO plugin v27.0 - https:\/\/yoast.com\/product\/yoast-seo-wordpress\/ -->\n<title>Pur-skin Cleanser - Tienda<\/title>\n<meta name=\"robots\" content=\"index, follow, max-snippet:-1, max-image-preview:large, max-video-preview:-1\" \/>\n<link rel=\"canonical\" href=\"https:\/\/www.misbel.com\/tienda\/producto\/pur-skin-cleanser\/\" \/>\n<meta property=\"og:locale\" content=\"es_ES\" \/>\n<meta property=\"og:type\" content=\"article\" \/>\n<meta property=\"og:title\" content=\"Pur-skin Cleanser - Tienda\" \/>\n<meta property=\"og:description\" content=\"Gel para la limpieza en profundidad de las pieles grasas y\/o con tendencia a desarrollar acn\u00e9.\" \/>\n<meta property=\"og:url\" content=\"https:\/\/www.misbel.com\/tienda\/producto\/pur-skin-cleanser\/\" \/>\n<meta property=\"og:site_name\" content=\"Tienda\" \/>\n<meta property=\"article:modified_time\" content=\"2024-05-23T10:21:38+00:00\" \/>\n<meta property=\"og:image\" content=\"https:\/\/www.misbel.com\/tienda\/wp-content\/uploads\/sites\/4\/2023\/06\/902V2153-1.png\" \/>\n\t<meta property=\"og:image:width\" content=\"810\" \/>\n\t<meta property=\"og:image:height\" content=\"810\" \/>\n\t<meta property=\"og:image:type\" content=\"image\/png\" \/>\n<meta name=\"twitter:card\" content=\"summary_large_image\" \/>\n<meta name=\"twitter:label1\" content=\"Tiempo de lectura\" \/>\n\t<meta name=\"twitter:data1\" content=\"1 minuto\" \/>\n<script type=\"application\/ld+json\" class=\"yoast-schema-graph\">{\"@context\":\"https:\/\/schema.org\",\"@graph\":[{\"@type\":\"WebPage\",\"@id\":\"https:\/\/www.misbel.com\/tienda\/producto\/pur-skin-cleanser\/\",\"url\":\"https:\/\/www.misbel.com\/tienda\/producto\/pur-skin-cleanser\/\",\"name\":\"Pur-skin Cleanser - Tienda\",\"isPartOf\":{\"@id\":\"https:\/\/www.misbel.com\/tienda\/#website\"},\"primaryImageOfPage\":{\"@id\":\"https:\/\/www.misbel.com\/tienda\/producto\/pur-skin-cleanser\/#primaryimage\"},\"image\":{\"@id\":\"https:\/\/www.misbel.com\/tienda\/producto\/pur-skin-cleanser\/#primaryimage\"},\"thumbnailUrl\":\"https:\/\/www.misbel.com\/tienda\/wp-content\/uploads\/sites\/4\/2023\/06\/902V2153-1.png\",\"datePublished\":\"2023-06-12T06:16:42+00:00\",\"dateModified\":\"2024-05-23T10:21:38+00:00\",\"breadcrumb\":{\"@id\":\"https:\/\/www.misbel.com\/tienda\/producto\/pur-skin-cleanser\/#breadcrumb\"},\"inLanguage\":\"es\",\"potentialAction\":[{\"@type\":\"ReadAction\",\"target\":[\"https:\/\/www.misbel.com\/tienda\/producto\/pur-skin-cleanser\/\"]}]},{\"@type\":\"ImageObject\",\"inLanguage\":\"es\",\"@id\":\"https:\/\/www.misbel.com\/tienda\/producto\/pur-skin-cleanser\/#primaryimage\",\"url\":\"https:\/\/www.misbel.com\/tienda\/wp-content\/uploads\/sites\/4\/2023\/06\/902V2153-1.png\",\"contentUrl\":\"https:\/\/www.misbel.com\/tienda\/wp-content\/uploads\/sites\/4\/2023\/06\/902V2153-1.png\",\"width\":810,\"height\":810,\"caption\":\"Pur-Skin Cleanser\"},{\"@type\":\"BreadcrumbList\",\"@id\":\"https:\/\/www.misbel.com\/tienda\/producto\/pur-skin-cleanser\/#breadcrumb\",\"itemListElement\":[{\"@type\":\"ListItem\",\"position\":1,\"name\":\"Portada\",\"item\":\"https:\/\/www.misbel.com\/tienda\/\"},{\"@type\":\"ListItem\",\"position\":2,\"name\":\"Tienda\",\"item\":\"https:\/\/www.misbel.com\/tienda\/\"},{\"@type\":\"ListItem\",\"position\":3,\"name\":\"Pur-skin Cleanser\"}]},{\"@type\":\"WebSite\",\"@id\":\"https:\/\/www.misbel.com\/tienda\/#website\",\"url\":\"https:\/\/www.misbel.com\/tienda\/\",\"name\":\"Tienda\",\"description\":\"Tienda oficial de la est\u00e9tica Misbel Reus\",\"publisher\":{\"@id\":\"https:\/\/www.misbel.com\/tienda\/#organization\"},\"potentialAction\":[{\"@type\":\"SearchAction\",\"target\":{\"@type\":\"EntryPoint\",\"urlTemplate\":\"https:\/\/www.misbel.com\/tienda\/?s={search_term_string}\"},\"query-input\":{\"@type\":\"PropertyValueSpecification\",\"valueRequired\":true,\"valueName\":\"search_term_string\"}}],\"inLanguage\":\"es\"},{\"@type\":\"Organization\",\"@id\":\"https:\/\/www.misbel.com\/tienda\/#organization\",\"name\":\"Tienda\",\"url\":\"https:\/\/www.misbel.com\/tienda\/\",\"logo\":{\"@type\":\"ImageObject\",\"inLanguage\":\"es\",\"@id\":\"https:\/\/www.misbel.com\/tienda\/#\/schema\/logo\/image\/\",\"url\":\"https:\/\/www.misbel.com\/tienda\/wp-content\/uploads\/sites\/4\/2024\/03\/misbelpng-logo-500-1.png\",\"contentUrl\":\"https:\/\/www.misbel.com\/tienda\/wp-content\/uploads\/sites\/4\/2024\/03\/misbelpng-logo-500-1.png\",\"width\":500,\"height\":258,\"caption\":\"Tienda\"},\"image\":{\"@id\":\"https:\/\/www.misbel.com\/tienda\/#\/schema\/logo\/image\/\"}}]}<\/script>\n<!-- \/ Yoast SEO plugin. -->","yoast_head_json":{"title":"Pur-skin Cleanser - Tienda","robots":{"index":"index","follow":"follow","max-snippet":"max-snippet:-1","max-image-preview":"max-image-preview:large","max-video-preview":"max-video-preview:-1"},"canonical":"https:\/\/www.misbel.com\/tienda\/producto\/pur-skin-cleanser\/","og_locale":"es_ES","og_type":"article","og_title":"Pur-skin Cleanser - Tienda","og_description":"Gel para la limpieza en profundidad de las pieles grasas y\/o con tendencia a desarrollar acn\u00e9.","og_url":"https:\/\/www.misbel.com\/tienda\/producto\/pur-skin-cleanser\/","og_site_name":"Tienda","article_modified_time":"2024-05-23T10:21:38+00:00","og_image":[{"width":810,"height":810,"url":"https:\/\/www.misbel.com\/tienda\/wp-content\/uploads\/sites\/4\/2023\/06\/902V2153-1.png","type":"image\/png"}],"twitter_card":"summary_large_image","twitter_misc":{"Tiempo de lectura":"1 minuto"},"schema":{"@context":"https:\/\/schema.org","@graph":[{"@type":"WebPage","@id":"https:\/\/www.misbel.com\/tienda\/producto\/pur-skin-cleanser\/","url":"https:\/\/www.misbel.com\/tienda\/producto\/pur-skin-cleanser\/","name":"Pur-skin Cleanser - Tienda","isPartOf":{"@id":"https:\/\/www.misbel.com\/tienda\/#website"},"primaryImageOfPage":{"@id":"https:\/\/www.misbel.com\/tienda\/producto\/pur-skin-cleanser\/#primaryimage"},"image":{"@id":"https:\/\/www.misbel.com\/tienda\/producto\/pur-skin-cleanser\/#primaryimage"},"thumbnailUrl":"https:\/\/www.misbel.com\/tienda\/wp-content\/uploads\/sites\/4\/2023\/06\/902V2153-1.png","datePublished":"2023-06-12T06:16:42+00:00","dateModified":"2024-05-23T10:21:38+00:00","breadcrumb":{"@id":"https:\/\/www.misbel.com\/tienda\/producto\/pur-skin-cleanser\/#breadcrumb"},"inLanguage":"es","potentialAction":[{"@type":"ReadAction","target":["https:\/\/www.misbel.com\/tienda\/producto\/pur-skin-cleanser\/"]}]},{"@type":"ImageObject","inLanguage":"es","@id":"https:\/\/www.misbel.com\/tienda\/producto\/pur-skin-cleanser\/#primaryimage","url":"https:\/\/www.misbel.com\/tienda\/wp-content\/uploads\/sites\/4\/2023\/06\/902V2153-1.png","contentUrl":"https:\/\/www.misbel.com\/tienda\/wp-content\/uploads\/sites\/4\/2023\/06\/902V2153-1.png","width":810,"height":810,"caption":"Pur-Skin Cleanser"},{"@type":"BreadcrumbList","@id":"https:\/\/www.misbel.com\/tienda\/producto\/pur-skin-cleanser\/#breadcrumb","itemListElement":[{"@type":"ListItem","position":1,"name":"Portada","item":"https:\/\/www.misbel.com\/tienda\/"},{"@type":"ListItem","position":2,"name":"Tienda","item":"https:\/\/www.misbel.com\/tienda\/"},{"@type":"ListItem","position":3,"name":"Pur-skin Cleanser"}]},{"@type":"WebSite","@id":"https:\/\/www.misbel.com\/tienda\/#website","url":"https:\/\/www.misbel.com\/tienda\/","name":"Tienda","description":"Tienda oficial de la est\u00e9tica Misbel Reus","publisher":{"@id":"https:\/\/www.misbel.com\/tienda\/#organization"},"potentialAction":[{"@type":"SearchAction","target":{"@type":"EntryPoint","urlTemplate":"https:\/\/www.misbel.com\/tienda\/?s={search_term_string}"},"query-input":{"@type":"PropertyValueSpecification","valueRequired":true,"valueName":"search_term_string"}}],"inLanguage":"es"},{"@type":"Organization","@id":"https:\/\/www.misbel.com\/tienda\/#organization","name":"Tienda","url":"https:\/\/www.misbel.com\/tienda\/","logo":{"@type":"ImageObject","inLanguage":"es","@id":"https:\/\/www.misbel.com\/tienda\/#\/schema\/logo\/image\/","url":"https:\/\/www.misbel.com\/tienda\/wp-content\/uploads\/sites\/4\/2024\/03\/misbelpng-logo-500-1.png","contentUrl":"https:\/\/www.misbel.com\/tienda\/wp-content\/uploads\/sites\/4\/2024\/03\/misbelpng-logo-500-1.png","width":500,"height":258,"caption":"Tienda"},"image":{"@id":"https:\/\/www.misbel.com\/tienda\/#\/schema\/logo\/image\/"}}]}},"_links":{"self":[{"href":"https:\/\/www.misbel.com\/tienda\/wp-json\/wp\/v2\/product\/23","targetHints":{"allow":["GET"]}}],"collection":[{"href":"https:\/\/www.misbel.com\/tienda\/wp-json\/wp\/v2\/product"}],"about":[{"href":"https:\/\/www.misbel.com\/tienda\/wp-json\/wp\/v2\/types\/product"}],"replies":[{"embeddable":true,"href":"https:\/\/www.misbel.com\/tienda\/wp-json\/wp\/v2\/comments?post=23"}],"version-history":[{"count":4,"href":"https:\/\/www.misbel.com\/tienda\/wp-json\/wp\/v2\/product\/23\/revisions"}],"predecessor-version":[{"id":428,"href":"https:\/\/www.misbel.com\/tienda\/wp-json\/wp\/v2\/product\/23\/revisions\/428"}],"wp:featuredmedia":[{"embeddable":true,"href":"https:\/\/www.misbel.com\/tienda\/wp-json\/wp\/v2\/media\/24"}],"wp:attachment":[{"href":"https:\/\/www.misbel.com\/tienda\/wp-json\/wp\/v2\/media?parent=23"}],"wp:term":[{"taxonomy":"product_brand","embeddable":true,"href":"https:\/\/www.misbel.com\/tienda\/wp-json\/wp\/v2\/product_brand?post=23"},{"taxonomy":"product_cat","embeddable":true,"href":"https:\/\/www.misbel.com\/tienda\/wp-json\/wp\/v2\/product_cat?post=23"},{"taxonomy":"product_tag","embeddable":true,"href":"https:\/\/www.misbel.com\/tienda\/wp-json\/wp\/v2\/product_tag?post=23"}],"curies":[{"name":"wp","href":"https:\/\/api.w.org\/{rel}","templated":true}]}}